{"id":4666,"date":"2023-09-17T22:51:26","date_gmt":"2023-09-18T04:51:26","guid":{"rendered":"https:\/\/misterhabanerus.com\/?post_type=product&#038;p=4666"},"modified":"2023-11-28T00:27:28","modified_gmt":"2023-11-28T06:27:28","slug":"salsa-mister-habanerus-premium-habanero-chocolate","status":"publish","type":"product","link":"https:\/\/misterhabanerus.com\/index.php\/product\/salsa-mister-habanerus-premium-habanero-chocolate\/","title":{"rendered":"SixPack Salsa M\u00edster Habanerus Premium Habanero Chocolate"},"content":{"rendered":"<p>Producto exclusivo, de producci\u00f3n org\u00e1nica y sin conservadores artificiales, realizado con habaneros chocolate, con una mescla entre picor y sabor muy agradable.<\/p>\n","protected":false},"excerpt":{"rendered":"<p>Producto premium. Sixpack M\u00edster Habanerus Habanero Chocolate.<\/p>\n","protected":false},"featured_media":4739,"comment_status":"open","ping_status":"closed","template":"","meta":{"om_disable_all_campaigns":false,"_monsterinsights_skip_tracking":false,"_monsterinsights_sitenote_active":false,"_monsterinsights_sitenote_note":"","_monsterinsights_sitenote_category":0,"site-sidebar-layout":"default","site-content-layout":"","ast-site-content-layout":"default","site-content-style":"default","site-sidebar-style":"default","ast-global-header-display":"","ast-banner-title-visibility":"","ast-main-header-display":"","ast-hfb-above-header-display":"","ast-hfb-below-header-display":"","ast-hfb-mobile-header-display":"","site-post-title":"","ast-breadcrumbs-content":"","ast-featured-img":"","footer-sml-layout":"","theme-transparent-header-meta":"default","adv-header-id-meta":"","stick-header-meta":"","header-above-stick-meta":"","header-main-stick-meta":"","header-below-stick-meta":"","astra-migrate-meta-layouts":"set"},"product_cat":[18,75],"product_tag":[71,76,77,70],"aioseo_notices":[],"_links":{"self":[{"href":"https:\/\/misterhabanerus.com\/index.php\/wp-json\/wp\/v2\/product\/4666"}],"collection":[{"href":"https:\/\/misterhabanerus.com\/index.php\/wp-json\/wp\/v2\/product"}],"about":[{"href":"https:\/\/misterhabanerus.com\/index.php\/wp-json\/wp\/v2\/types\/product"}],"replies":[{"embeddable":true,"href":"https:\/\/misterhabanerus.com\/index.php\/wp-json\/wp\/v2\/comments?post=4666"}],"wp:featuredmedia":[{"embeddable":true,"href":"https:\/\/misterhabanerus.com\/index.php\/wp-json\/wp\/v2\/media\/4739"}],"wp:attachment":[{"href":"https:\/\/misterhabanerus.com\/index.php\/wp-json\/wp\/v2\/media?parent=4666"}],"wp:term":[{"taxonomy":"product_cat","embeddable":true,"href":"https:\/\/misterhabanerus.com\/index.php\/wp-json\/wp\/v2\/product_cat?post=4666"},{"taxonomy":"product_tag","embeddable":true,"href":"https:\/\/misterhabanerus.com\/index.php\/wp-json\/wp\/v2\/product_tag?post=4666"}],"curies":[{"name":"wp","href":"https:\/\/api.w.org\/{rel}","templated":true}]}}